{"id":5475,"date":"2021-10-01T13:01:38","date_gmt":"2021-10-01T13:01:38","guid":{"rendered":"https:\/\/the7.io\/business-advisors\/?page_id=5475"},"modified":"2025-10-17T14:44:49","modified_gmt":"2025-10-17T06:44:49","slug":"terms-conditions","status":"publish","type":"page","link":"https:\/\/rokfun.com\/fr\/terms-conditions\/","title":{"rendered":"Conditions g\u00e9n\u00e9rales"},"content":{"rendered":"<h1 class=\"wp-block-heading has-text-align-center has-background\" style=\"background:linear-gradient(169deg,rgba(255,114,13,0.52) 0%,rgb(255,255,255) 100%)\">Termes et conditions<\/h1>\n\n\n\n<p>Veuillez lire attentivement les pr\u00e9sentes conditions g\u00e9n\u00e9rales avant d&#039;utiliser notre service.<\/p>\n\n\n\n<h2 class=\"wp-block-heading\">Interpr\u00e9tation et d\u00e9finitions<\/h2>\n\n\n\n<h3 class=\"wp-block-heading\">Interpr\u00e9tation<\/h3>\n\n\n\n<p>Les mots dont la premi\u00e8re lettre est en majuscule ont une signification d\u00e9finie dans les conditions suivantes. Les d\u00e9finitions suivantes conservent la m\u00eame signification, qu&#039;elles soient au singulier ou au pluriel.<\/p>\n\n\n\n<h3 class=\"wp-block-heading\">D\u00e9finitions<\/h3>\n\n\n\n<p>Aux fins des pr\u00e9sentes conditions g\u00e9n\u00e9rales\u00a0:<\/p>\n\n\n\n<ul class=\"wp-block-list\">\n<li><strong>Filiale<\/strong> d\u00e9signe une entit\u00e9 qui contr\u00f4le, est contr\u00f4l\u00e9e par ou est sous contr\u00f4le commun avec une partie, o\u00f9 \u00ab contr\u00f4le \u00bb signifie la propri\u00e9t\u00e9 de 50% ou plus des actions, des parts sociales ou autres titres donnant droit de vote pour l\u2019\u00e9lection des administrateurs ou autres organes de direction.<\/li>\n\n\n\n<li><strong>Pays<\/strong> fait r\u00e9f\u00e9rence \u00e0 : la Chine<\/li>\n\n\n\n<li><strong>Entreprise<\/strong> (d\u00e9sign\u00e9e dans le pr\u00e9sent Accord par \u00ab la Soci\u00e9t\u00e9 \u00bb, \u00ab Nous \u00bb, \u00ab Notre \u00bb ou \u00ab Nos \u00bb) d\u00e9signe Rokfun, #666, Tiantongnan Road, district de Yinzhou, Ningbo, Chine.<\/li>\n\n\n\n<li><strong>Appareil<\/strong> d\u00e9signe tout appareil permettant d&#039;acc\u00e9der au Service, tel qu&#039;un ordinateur, un t\u00e9l\u00e9phone portable ou une tablette num\u00e9rique.<\/li>\n\n\n\n<li><strong>Service<\/strong> fait r\u00e9f\u00e9rence au site Web.<\/li>\n\n\n\n<li><strong>Termes et conditions<\/strong> (\u00e9galement d\u00e9nomm\u00e9es \u00ab\u00a0Conditions\u00a0\u00bb) d\u00e9signent les pr\u00e9sentes Conditions g\u00e9n\u00e9rales qui constituent l\u2019int\u00e9gralit\u00e9 de l\u2019accord entre vous et la Soci\u00e9t\u00e9 concernant l\u2019utilisation du Service. <\/li>\n\n\n\n<li><strong>Service de m\u00e9dias sociaux tiers<\/strong> d\u00e9signe tout service ou contenu (y compris les donn\u00e9es, informations, produits ou services) fourni par un tiers et pouvant \u00eatre affich\u00e9, inclus ou mis \u00e0 disposition par le Service.<\/li>\n\n\n\n<li><strong>Site web<\/strong> fait r\u00e9f\u00e9rence \u00e0 Rokfun, accessible depuis <a href=\"https:\/\/rokfun.com\/fr\/\" target=\"_blank\" rel=\"noreferrer noopener\">https:\/\/rokfun.com\/<\/a><\/li>\n\n\n\n<li><strong>Toi<\/strong> d\u00e9signe la personne physique qui acc\u00e8de au Service ou l\u2019utilise, ou la soci\u00e9t\u00e9 ou autre entit\u00e9 juridique pour le compte de laquelle cette personne physique acc\u00e8de au Service ou l\u2019utilise, selon le cas.<\/li>\n<\/ul>\n\n\n\n<h2 class=\"wp-block-heading\">Reconnaissance<\/h2>\n\n\n\n<p>Les pr\u00e9sentes conditions g\u00e9n\u00e9rales r\u00e9gissent l&#039;utilisation de ce service et constituent l&#039;accord conclu entre vous et la soci\u00e9t\u00e9. Elles d\u00e9finissent les droits et obligations de tous les utilisateurs concernant l&#039;utilisation du service.<\/p>\n\n\n\n<p>Votre acc\u00e8s au Service et son utilisation sont subordonn\u00e9s \u00e0 votre acceptation et au respect des pr\u00e9sentes Conditions g\u00e9n\u00e9rales. Ces Conditions g\u00e9n\u00e9rales s&#039;appliquent \u00e0 tous les visiteurs, utilisateurs et autres personnes qui acc\u00e8dent au Service ou l&#039;utilisent.<\/p>\n\n\n\n<p>En acc\u00e9dant au Service ou en l&#039;utilisant, vous acceptez d&#039;\u00eatre li\u00e9 par les pr\u00e9sentes Conditions g\u00e9n\u00e9rales. Si vous n&#039;acceptez pas une partie quelconque de ces Conditions g\u00e9n\u00e9rales, vous ne pouvez pas acc\u00e9der au Service.<\/p>\n\n\n\n<p>Vous d\u00e9clarez \u00eatre \u00e2g\u00e9 de plus de 18 ans. La Soci\u00e9t\u00e9 n&#039;autorise pas les personnes de moins de 18 ans \u00e0 utiliser le Service.<\/p>\n\n\n\n<p>Votre acc\u00e8s au Service et son utilisation sont \u00e9galement soumis \u00e0 votre acceptation et au respect de la Politique de confidentialit\u00e9 de la Soci\u00e9t\u00e9. Notre Politique de confidentialit\u00e9 d\u00e9crit nos politiques et proc\u00e9dures relatives \u00e0 la collecte, \u00e0 l&#039;utilisation et \u00e0 la divulgation de vos informations personnelles lorsque vous utilisez l&#039;Application ou le Site Web. Elle vous informe \u00e9galement de vos droits en mati\u00e8re de protection des donn\u00e9es et de la mani\u00e8re dont la loi vous prot\u00e8ge. Veuillez lire attentivement notre Politique de confidentialit\u00e9 avant d&#039;utiliser notre Service.<\/p>\n\n\n\n<h2 class=\"wp-block-heading\">Liens vers d&#039;autres sites Web<\/h2>\n\n\n\n<p>Notre Service peut contenir des liens vers des sites Web ou des services tiers qui ne sont ni d\u00e9tenus ni contr\u00f4l\u00e9s par la Soci\u00e9t\u00e9.<\/p>\n\n\n\n<p>La Soci\u00e9t\u00e9 n&#039;exerce aucun contr\u00f4le sur le contenu, les politiques de confidentialit\u00e9 ou les pratiques des sites web ou services tiers et d\u00e9cline toute responsabilit\u00e9 \u00e0 cet \u00e9gard. Vous reconnaissez et acceptez \u00e9galement que la Soci\u00e9t\u00e9 ne saurait \u00eatre tenue responsable, directement ou indirectement, de tout dommage ou perte caus\u00e9 ou pr\u00e9tendument caus\u00e9 par l&#039;utilisation ou la confiance accord\u00e9e \u00e0 tout contenu, bien ou service disponible sur ou via ces sites web ou services.<\/p>\n\n\n\n<p>Nous vous conseillons vivement de lire les conditions g\u00e9n\u00e9rales et les politiques de confidentialit\u00e9 de tous les sites Web ou services tiers que vous consultez.<\/p>\n\n\n\n<h2 class=\"wp-block-heading\">Terminaison<\/h2>\n\n\n\n<p>Nous pouvons r\u00e9silier ou suspendre votre acc\u00e8s imm\u00e9diatement, sans pr\u00e9avis ni responsabilit\u00e9, pour quelque raison que ce soit, y compris, sans limitation, si vous enfreignez les pr\u00e9sentes conditions g\u00e9n\u00e9rales.<\/p>\n\n\n\n<p>En cas de r\u00e9siliation, votre droit d&#039;utiliser le Service cessera imm\u00e9diatement.<\/p>\n\n\n\n<h2 class=\"wp-block-heading\">Limitation de responsabilit\u00e9<\/h2>\n\n\n\n<p>Nonobstant tout dommage que vous pourriez subir, la responsabilit\u00e9 totale de la Soci\u00e9t\u00e9 et de ses fournisseurs en vertu de toute disposition des pr\u00e9sentes Conditions et votre recours exclusif pour tout ce qui pr\u00e9c\u00e8de seront limit\u00e9s au montant que vous avez effectivement pay\u00e9 par le biais du Service ou \u00e0 100 USD si vous n&#039;avez rien achet\u00e9 par le biais du Service.<\/p>\n\n\n\n<p>Dans toute la mesure permise par la loi applicable, la Soci\u00e9t\u00e9 et ses fournisseurs ne sauraient en aucun cas \u00eatre tenus responsables de dommages sp\u00e9ciaux, accessoires, indirects ou cons\u00e9cutifs de quelque nature que ce soit (y compris, mais sans s&#039;y limiter, les dommages pour perte de profits, perte de donn\u00e9es ou d&#039;autres informations, pour interruption d&#039;activit\u00e9, pour pr\u00e9judice corporel, atteinte \u00e0 la vie priv\u00e9e d\u00e9coulant de l&#039;utilisation ou de l&#039;impossibilit\u00e9 d&#039;utiliser le Service, les logiciels tiers et\/ou le mat\u00e9riel tiers utilis\u00e9s avec le Service, ou en lien avec toute disposition des pr\u00e9sentes Conditions), m\u00eame si la Soci\u00e9t\u00e9 ou un fournisseur a \u00e9t\u00e9 inform\u00e9 de la possibilit\u00e9 de tels dommages et m\u00eame si le recours n&#039;atteint pas son objectif essentiel.<\/p>\n\n\n\n<p>Certains \u00c9tats n&#039;autorisent pas l&#039;exclusion des garanties implicites ni la limitation de responsabilit\u00e9 pour les dommages indirects ou cons\u00e9cutifs\u00a0; par cons\u00e9quent, certaines des limitations susmentionn\u00e9es peuvent ne pas s&#039;appliquer. Dans ces \u00c9tats, la responsabilit\u00e9 de chaque partie sera limit\u00e9e dans toute la mesure permise par la loi.<\/p>\n\n\n\n<h2 class=\"wp-block-heading\">Clause de non-responsabilit\u00e9 \u00ab\u00a0TEL QUEL\u00a0\u00bb et \u00ab\u00a0SELON DISPONIBILIT\u00c9\u00a0\u00bb<\/h2>\n\n\n\n<p>Le Service vous est fourni \u00ab\u00a0EN L\u2019\u00c9TAT\u00a0\u00bb et \u00ab\u00a0SELON DISPONIBILIT\u00c9\u00a0\u00bb, avec tous ses d\u00e9fauts et imperfections, sans aucune garantie. Dans toute la mesure permise par la loi applicable, la Soci\u00e9t\u00e9, en son nom propre et au nom de ses soci\u00e9t\u00e9s affili\u00e9es et de leurs conc\u00e9dants de licence et prestataires de services respectifs, exclut express\u00e9ment toute garantie, expresse, implicite, l\u00e9gale ou autre, concernant le Service, y compris toutes les garanties implicites de qualit\u00e9 marchande, d\u2019ad\u00e9quation \u00e0 un usage particulier, de propri\u00e9t\u00e9 et d\u2019absence de contrefa\u00e7on, ainsi que les garanties pouvant d\u00e9couler des usages commerciaux, des pratiques habituelles ou des usages du commerce. Sans pr\u00e9judice de ce qui pr\u00e9c\u00e8de, la Soci\u00e9t\u00e9 ne fournit aucune garantie ni ne prend aucun engagement, et ne fait aucune d\u00e9claration de quelque nature que ce soit quant au fait que le Service r\u00e9pondra \u00e0 vos exigences, atteindra les r\u00e9sultats escompt\u00e9s, sera compatible ou fonctionnera avec d\u2019autres logiciels, applications, syst\u00e8mes ou services, fonctionnera sans interruption, respectera les normes de performance ou de fiabilit\u00e9, sera exempt d\u2019erreurs ou que les erreurs ou d\u00e9fauts pourront ou seront corrig\u00e9s.<\/p>\n\n\n\n<p>Sans limiter ce qui pr\u00e9c\u00e8de, ni la Soci\u00e9t\u00e9 ni aucun de ses fournisseurs ne fait de d\u00e9claration ni ne donne de garantie d&#039;aucune sorte, expresse ou implicite\u00a0: (i) quant au fonctionnement ou \u00e0 la disponibilit\u00e9 du Service, ou aux informations, contenus et documents ou produits qui y sont inclus\u00a0; (ii) quant au fait que le Service sera ininterrompu ou exempt d&#039;erreurs\u00a0; (iii) quant \u00e0 l&#039;exactitude, la fiabilit\u00e9 ou l&#039;actualit\u00e9 de toute information ou contenu fourni par le biais du Service\u00a0; ou (iv) quant au fait que le Service, ses serveurs, le contenu ou les courriels envoy\u00e9s par ou au nom de la Soci\u00e9t\u00e9 sont exempts de virus, scripts, chevaux de Troie, vers, logiciels malveillants, bombes logiques ou autres composants nuisibles.<\/p>\n\n\n\n<p>Certaines juridictions n&#039;autorisent pas l&#039;exclusion de certains types de garanties ni la limitation des droits l\u00e9gaux applicables aux consommateurs\u00a0; par cons\u00e9quent, certaines ou toutes les exclusions et limitations ci-dessus peuvent ne pas vous \u00eatre applicables. Dans ce cas, les exclusions et limitations \u00e9nonc\u00e9es dans la pr\u00e9sente section s&#039;appliqueront dans toute la mesure permise par la loi applicable.<\/p>\n\n\n\n<h2 class=\"wp-block-heading\">Loi applicable<\/h2>\n\n\n\n<p>Les lois du pays, \u00e0 l&#039;exclusion de ses r\u00e8gles relatives aux conflits de lois, r\u00e9gissent les pr\u00e9sentes Conditions et votre utilisation du Service. Votre utilisation de l&#039;Application peut \u00e9galement \u00eatre soumise \u00e0 d&#039;autres lois locales, \u00e9tatiques, nationales ou internationales.<\/p>\n\n\n\n<h2 class=\"wp-block-heading\">R\u00e8glement des diff\u00e9rends<\/h2>\n\n\n\n<p>En cas de probl\u00e8me ou de litige concernant le Service, vous acceptez de tenter d&#039;abord de le r\u00e9soudre \u00e0 l&#039;amiable en contactant la Soci\u00e9t\u00e9.<\/p>\n\n\n\n<h2 class=\"wp-block-heading\">Pour les utilisateurs de l&#039;Union europ\u00e9enne (UE)<\/h2>\n\n\n\n<p>Si vous \u00eates un consommateur de l&#039;Union europ\u00e9enne, vous b\u00e9n\u00e9ficierez des dispositions imp\u00e9ratives de la loi du pays dans lequel vous r\u00e9sidez.<\/p>\n\n\n\n<h2 class=\"wp-block-heading\">Conformit\u00e9 juridique aux \u00c9tats-Unis<\/h2>\n\n\n\n<p>Vous d\u00e9clarez et garantissez que (i) vous n\u2019\u00eates pas situ\u00e9 dans un pays soumis \u00e0 un embargo du gouvernement des \u00c9tats-Unis ou d\u00e9sign\u00e9 par le gouvernement des \u00c9tats-Unis comme un pays \u00ab soutenant le terrorisme \u00bb, et (ii) vous ne figurez sur aucune liste du gouvernement des \u00c9tats-Unis de personnes interdites ou faisant l\u2019objet de restrictions.<\/p>\n\n\n\n<h2 class=\"wp-block-heading\">Divisibilit\u00e9 et renonciation<\/h2>\n\n\n\n<h3 class=\"wp-block-heading\">divisibilit\u00e9<\/h3>\n\n\n\n<p>Si une disposition quelconque des pr\u00e9sentes Conditions est jug\u00e9e inapplicable ou invalide, cette disposition sera modifi\u00e9e et interpr\u00e9t\u00e9e de mani\u00e8re \u00e0 atteindre, dans toute la mesure permise par la loi applicable, les objectifs qu&#039;elle visait, et les autres dispositions resteront pleinement en vigueur.<\/p>\n\n\n\n<h3 class=\"wp-block-heading\">Renoncer<\/h3>\n\n\n\n<p>Sauf disposition contraire des pr\u00e9sentes, le d\u00e9faut d&#039;exercer un droit ou d&#039;exiger l&#039;ex\u00e9cution d&#039;une obligation en vertu des pr\u00e9sentes Conditions g\u00e9n\u00e9rales n&#039;affectera pas la capacit\u00e9 d&#039;une partie \u00e0 exercer ce droit ou \u00e0 exiger cette ex\u00e9cution ult\u00e9rieurement, et la renonciation \u00e0 un manquement ne constituera pas une renonciation \u00e0 tout manquement ult\u00e9rieur.<\/p>\n\n\n\n<h2 class=\"wp-block-heading\">Traduction et interpr\u00e9tation<\/h2>\n\n\n\n<p>Les pr\u00e9sentes conditions g\u00e9n\u00e9rales peuvent avoir \u00e9t\u00e9 traduites si nous les avons mises \u00e0 votre disposition sur notre service. Vous acceptez qu&#039;en cas de litige, le texte original en anglais pr\u00e9vale.<\/p>\n\n\n\n<h2 class=\"wp-block-heading\">Modifications des pr\u00e9sentes conditions g\u00e9n\u00e9rales<\/h2>\n\n\n\n<p>Nous nous r\u00e9servons le droit, \u00e0 notre enti\u00e8re discr\u00e9tion, de modifier ou de remplacer les pr\u00e9sentes Conditions \u00e0 tout moment. En cas de modification importante, nous nous efforcerons de vous en informer au moins 30 jours avant l&#039;entr\u00e9e en vigueur des nouvelles conditions. La nature d&#039;une modification importante sera d\u00e9termin\u00e9e \u00e0 notre enti\u00e8re discr\u00e9tion.<\/p>\n\n\n\n<p>En continuant d&#039;acc\u00e9der \u00e0 notre Service ou de l&#039;utiliser apr\u00e8s l&#039;entr\u00e9e en vigueur de ces modifications, vous acceptez d&#039;\u00eatre li\u00e9 par les conditions r\u00e9vis\u00e9es. Si vous n&#039;acceptez pas les nouvelles conditions, en tout ou en partie, veuillez cesser d&#039;utiliser le site web et le Service.<\/p>\n\n\n\n<h2 class=\"wp-block-heading\">Contactez-nous<\/h2>\n\n\n\n<p>Si vous avez des questions concernant ces conditions g\u00e9n\u00e9rales, vous pouvez nous contacter\u00a0:<\/p>\n\n\n\n<ul class=\"wp-block-list\">\n<li>En visitant cette page sur notre site web\u00a0: <a href=\"https:\/\/rokfun.com\/fr\/contact\/\" target=\"_blank\" rel=\"noreferrer noopener\">https:\/\/rokfun.com\/contact\/<\/a><\/li>\n<\/ul>","protected":false},"excerpt":{"rendered":"<p>Terms and Conditions Please read these terms and conditions carefully before using Our Service. Interpretation and Definitions Interpretation The words whose initial letters are capitalized have meanings defined under the following conditions. The following definitions shall have the same meaning regardless of whether they appear in singular or in plural. Definitions For the purposes of&hellip;<\/p>","protected":false},"author":1,"featured_media":0,"parent":0,"menu_order":40,"comment_status":"closed","ping_status":"closed","template":"","meta":{"footnotes":""},"class_list":["post-5475","page","type-page","status-publish","hentry","description-off"],"yoast_head":"<!-- This site is optimized with the Yoast SEO plugin v27.2 - https:\/\/yoast.com\/product\/yoast-seo-wordpress\/ -->\n<title>Terms &amp; conditions | Rokfun<\/title>\n<meta name=\"description\" content=\"Are you looking for best sports equipment factory? We are the reliable partner manufacturer.\" \/>\n<meta name=\"robots\" content=\"index, follow, max-snippet:-1, max-image-preview:large, max-video-preview:-1\" \/>\n<link rel=\"canonical\" href=\"https:\/\/rokfun.com\/fr\/terms-conditions\/\" \/>\n<meta property=\"og:locale\" content=\"fr_FR\" \/>\n<meta property=\"og:type\" content=\"article\" \/>\n<meta property=\"og:title\" content=\"Terms &amp; conditions | Rokfun\" \/>\n<meta property=\"og:description\" content=\"Are you looking for best sports equipment factory? We are the reliable partner manufacturer.\" \/>\n<meta property=\"og:url\" content=\"https:\/\/rokfun.com\/fr\/terms-conditions\/\" \/>\n<meta property=\"og:site_name\" content=\"Rokfun Fitness\" \/>\n<meta property=\"article:modified_time\" content=\"2025-10-17T06:44:49+00:00\" \/>\n<meta name=\"twitter:card\" content=\"summary_large_image\" \/>\n<meta name=\"twitter:label1\" content=\"Dur\u00e9e de lecture estim\u00e9e\" \/>\n\t<meta name=\"twitter:data1\" content=\"8 minutes\" \/>\n<script type=\"application\/ld+json\" class=\"yoast-schema-graph\">{\"@context\":\"https:\/\/schema.org\",\"@graph\":[{\"@type\":\"WebPage\",\"@id\":\"https:\/\/rokfun.com\/terms-conditions\/\",\"url\":\"https:\/\/rokfun.com\/terms-conditions\/\",\"name\":\"Terms & conditions | Rokfun\",\"isPartOf\":{\"@id\":\"https:\/\/rokfun.com\/#website\"},\"datePublished\":\"2021-10-01T13:01:38+00:00\",\"dateModified\":\"2025-10-17T06:44:49+00:00\",\"description\":\"Are you looking for best sports equipment factory? We are the reliable partner manufacturer.\",\"breadcrumb\":{\"@id\":\"https:\/\/rokfun.com\/terms-conditions\/#breadcrumb\"},\"inLanguage\":\"fr-FR\",\"potentialAction\":[{\"@type\":\"ReadAction\",\"target\":[\"https:\/\/rokfun.com\/terms-conditions\/\"]}]},{\"@type\":\"BreadcrumbList\",\"@id\":\"https:\/\/rokfun.com\/terms-conditions\/#breadcrumb\",\"itemListElement\":[{\"@type\":\"ListItem\",\"position\":1,\"name\":\"Home\",\"item\":\"https:\/\/rokfun.com\/\"},{\"@type\":\"ListItem\",\"position\":2,\"name\":\"Terms &#038; conditions\"}]},{\"@type\":\"WebSite\",\"@id\":\"https:\/\/rokfun.com\/#website\",\"url\":\"https:\/\/rokfun.com\/\",\"name\":\"Rokfun Fitness\",\"description\":\"\",\"publisher\":{\"@id\":\"https:\/\/rokfun.com\/#organization\"},\"potentialAction\":[{\"@type\":\"SearchAction\",\"target\":{\"@type\":\"EntryPoint\",\"urlTemplate\":\"https:\/\/rokfun.com\/?s={search_term_string}\"},\"query-input\":{\"@type\":\"PropertyValueSpecification\",\"valueRequired\":true,\"valueName\":\"search_term_string\"}}],\"inLanguage\":\"fr-FR\"},{\"@type\":\"Organization\",\"@id\":\"https:\/\/rokfun.com\/#organization\",\"name\":\"Rokfun Fitness\",\"url\":\"https:\/\/rokfun.com\/\",\"logo\":{\"@type\":\"ImageObject\",\"inLanguage\":\"fr-FR\",\"@id\":\"https:\/\/rokfun.com\/#\/schema\/logo\/image\/\",\"url\":\"https:\/\/rokfun.com\/wp-content\/uploads\/2024\/10\/logo-5.png\",\"contentUrl\":\"https:\/\/rokfun.com\/wp-content\/uploads\/2024\/10\/logo-5.png\",\"width\":250,\"height\":85,\"caption\":\"Rokfun Fitness\"},\"image\":{\"@id\":\"https:\/\/rokfun.com\/#\/schema\/logo\/image\/\"}}]}<\/script>\n<!-- \/ Yoast SEO plugin. -->","yoast_head_json":{"title":"Terms & conditions | Rokfun","description":"Are you looking for best sports equipment factory? We are the reliable partner manufacturer.","robots":{"index":"index","follow":"follow","max-snippet":"max-snippet:-1","max-image-preview":"max-image-preview:large","max-video-preview":"max-video-preview:-1"},"canonical":"https:\/\/rokfun.com\/fr\/terms-conditions\/","og_locale":"fr_FR","og_type":"article","og_title":"Terms & conditions | Rokfun","og_description":"Are you looking for best sports equipment factory? We are the reliable partner manufacturer.","og_url":"https:\/\/rokfun.com\/fr\/terms-conditions\/","og_site_name":"Rokfun Fitness","article_modified_time":"2025-10-17T06:44:49+00:00","twitter_card":"summary_large_image","twitter_misc":{"Dur\u00e9e de lecture estim\u00e9e":"8 minutes"},"schema":{"@context":"https:\/\/schema.org","@graph":[{"@type":"WebPage","@id":"https:\/\/rokfun.com\/terms-conditions\/","url":"https:\/\/rokfun.com\/terms-conditions\/","name":"Terms & conditions | Rokfun","isPartOf":{"@id":"https:\/\/rokfun.com\/#website"},"datePublished":"2021-10-01T13:01:38+00:00","dateModified":"2025-10-17T06:44:49+00:00","description":"Are you looking for best sports equipment factory? We are the reliable partner manufacturer.","breadcrumb":{"@id":"https:\/\/rokfun.com\/terms-conditions\/#breadcrumb"},"inLanguage":"fr-FR","potentialAction":[{"@type":"ReadAction","target":["https:\/\/rokfun.com\/terms-conditions\/"]}]},{"@type":"BreadcrumbList","@id":"https:\/\/rokfun.com\/terms-conditions\/#breadcrumb","itemListElement":[{"@type":"ListItem","position":1,"name":"Home","item":"https:\/\/rokfun.com\/"},{"@type":"ListItem","position":2,"name":"Terms &#038; conditions"}]},{"@type":"WebSite","@id":"https:\/\/rokfun.com\/#website","url":"https:\/\/rokfun.com\/","name":"Rokfun Fitness","description":"","publisher":{"@id":"https:\/\/rokfun.com\/#organization"},"potentialAction":[{"@type":"SearchAction","target":{"@type":"EntryPoint","urlTemplate":"https:\/\/rokfun.com\/?s={search_term_string}"},"query-input":{"@type":"PropertyValueSpecification","valueRequired":true,"valueName":"search_term_string"}}],"inLanguage":"fr-FR"},{"@type":"Organization","@id":"https:\/\/rokfun.com\/#organization","name":"Rokfun Fitness","url":"https:\/\/rokfun.com\/","logo":{"@type":"ImageObject","inLanguage":"fr-FR","@id":"https:\/\/rokfun.com\/#\/schema\/logo\/image\/","url":"https:\/\/rokfun.com\/wp-content\/uploads\/2024\/10\/logo-5.png","contentUrl":"https:\/\/rokfun.com\/wp-content\/uploads\/2024\/10\/logo-5.png","width":250,"height":85,"caption":"Rokfun Fitness"},"image":{"@id":"https:\/\/rokfun.com\/#\/schema\/logo\/image\/"}}]}},"_links":{"self":[{"href":"https:\/\/rokfun.com\/fr\/wp-json\/wp\/v2\/pages\/5475","targetHints":{"allow":["GET"]}}],"collection":[{"href":"https:\/\/rokfun.com\/fr\/wp-json\/wp\/v2\/pages"}],"about":[{"href":"https:\/\/rokfun.com\/fr\/wp-json\/wp\/v2\/types\/page"}],"author":[{"embeddable":true,"href":"https:\/\/rokfun.com\/fr\/wp-json\/wp\/v2\/users\/1"}],"replies":[{"embeddable":true,"href":"https:\/\/rokfun.com\/fr\/wp-json\/wp\/v2\/comments?post=5475"}],"version-history":[{"count":8,"href":"https:\/\/rokfun.com\/fr\/wp-json\/wp\/v2\/pages\/5475\/revisions"}],"predecessor-version":[{"id":12434,"href":"https:\/\/rokfun.com\/fr\/wp-json\/wp\/v2\/pages\/5475\/revisions\/12434"}],"wp:attachment":[{"href":"https:\/\/rokfun.com\/fr\/wp-json\/wp\/v2\/media?parent=5475"}],"curies":[{"name":"wp","href":"https:\/\/api.w.org\/{rel}","templated":true}]}}